{"id":256,"date":"2017-01-28T17:08:05","date_gmt":"2017-01-28T16:08:05","guid":{"rendered":"http:\/\/sochaczew.kbwch.pl\/?page_id=256"},"modified":"2017-07-25T17:12:49","modified_gmt":"2017-07-25T15:12:49","slug":"o-nas-2","status":"publish","type":"page","link":"https:\/\/sochaczew.kbwch.pl\/","title":{"rendered":"O nas"},"content":{"rendered":"<p>Jeste\u015bmy lokalnym zborem nale\u017c\u0105cym do og\u00f3lnopolskiego Ko\u015bcio\u0142a Bo\u017cego w Chrystusie.<br \/>\nKo\u015bci\u00f3\u0142 Bo\u017cy w Chrystusie jest ko\u015bcio\u0142em charyzmatycznym, nale\u017c\u0105cym do nurtu ko\u015bcio\u0142\u00f3w ewangelicznych. Jest cz\u0142onkiem Aliansu Ewangelicznego w Polsce, kt\u00f3ry nale\u017cy do Europejskiego Aliansu Ewangelicznego (European Evangelical Alliance) oraz \u015awiatowej Spo\u0142eczno\u015bci Ewangelicznej (World Evangelical Fellowship). Zbory to lokalne zgromadzenia cz\u0142onk\u00f3w Ko\u015bcio\u0142a, na kt\u00f3rych czele stoi pastor. Maj\u0105 one charakter autonomiczny i ka\u017cdy z nich posiada osobowo\u015b\u0107 prawn\u0105. Ko\u015bci\u00f3\u0142 Bo\u017cy w Chrystusie jest ich federacj\u0105. W chwili obecnej Ko\u015bci\u00f3\u0142 liczy 61 zbor\u00f3w na terenie ca\u0142ego kraju. Ponadto w jego ramach dzia\u0142a 5 misji i Instytut Wydawniczy. Najwy\u017csz\u0105 w\u0142adz\u0105 Ko\u015bcio\u0142a jest Konferencja Pastor\u00f3w. Bie\u017c\u0105c\u0105 dzia\u0142alno\u015b\u0107 Ko\u015bcio\u0142a koordynuje Rada Ko\u015bcio\u0142a wybierana przez Konferencj\u0119. Od roku 1997 funkcj\u0119 Prezbitera Naczelnego sprawuje pastor Andrzej N\u0119dzusiak (Warszawa). Ponadto w sk\u0142ad Rady Ko\u015bcio\u0142a wchodz\u0105 pastorzy: Marek Ciesi\u00f3\u0142ka, Tadeusz Ferfecki, Bogdan Olechnowicz, Jerzy Rycharski, Micha\u0142 Sikorski, Wies\u0142aw Ziemba.<\/p>\n","protected":false},"excerpt":{"rendered":"<p>Jeste\u015bmy lokalnym zborem nale\u017c\u0105cym do og\u00f3lnopolskiego Ko\u015bcio\u0142a Bo\u017cego w Chrystusie. Ko\u015bci\u00f3\u0142 Bo\u017cy w Chrystusie jest ko\u015bcio\u0142em charyzmatycznym, nale\u017c\u0105cym do nurtu ko\u015bcio\u0142\u00f3w ewangelicznych. Jest cz\u0142onkiem Aliansu Ewangelicznego w Polsce, kt\u00f3ry nale\u017cy do Europejskiego Aliansu Ewangelicznego (European Evangelical Alliance) oraz \u015awiatowej Spo\u0142eczno\u015bci Ewangelicznej (World Evangelical Fellowship). Zbory to lokalne zgromadzenia cz\u0142onk\u00f3w Ko\u015bcio\u0142a, na kt\u00f3rych czele stoi pastor. &#8230; <a title=\"O nas\" class=\"read-more\" href=\"https:\/\/sochaczew.kbwch.pl\/\" aria-label=\"Dowiedz si\u0119 wi\u0119cej o O nas\">Dowiedz si\u0119 wi\u0119cej<\/a><\/p>\n","protected":false},"author":3,"featured_media":0,"parent":0,"menu_order":1,"comment_status":"closed","ping_status":"closed","template":"","meta":{"footnotes":""},"class_list":["post-256","page","type-page","status-publish"],"_links":{"self":[{"href":"https:\/\/sochaczew.kbwch.pl\/index.php\/wp-json\/wp\/v2\/pages\/256","targetHints":{"allow":["GET"]}}],"collection":[{"href":"https:\/\/sochaczew.kbwch.pl\/index.php\/wp-json\/wp\/v2\/pages"}],"about":[{"href":"https:\/\/sochaczew.kbwch.pl\/index.php\/wp-json\/wp\/v2\/types\/page"}],"author":[{"embeddable":true,"href":"https:\/\/sochaczew.kbwch.pl\/index.php\/wp-json\/wp\/v2\/users\/3"}],"replies":[{"embeddable":true,"href":"https:\/\/sochaczew.kbwch.pl\/index.php\/wp-json\/wp\/v2\/comments?post=256"}],"version-history":[{"count":3,"href":"https:\/\/sochaczew.kbwch.pl\/index.php\/wp-json\/wp\/v2\/pages\/256\/revisions"}],"predecessor-version":[{"id":328,"href":"https:\/\/sochaczew.kbwch.pl\/index.php\/wp-json\/wp\/v2\/pages\/256\/revisions\/328"}],"wp:attachment":[{"href":"https:\/\/sochaczew.kbwch.pl\/index.php\/wp-json\/wp\/v2\/media?parent=256"}],"curies":[{"name":"wp","href":"https:\/\/api.w.org\/{rel}","templated":true}]}}