{"id":126,"date":"2017-01-10T11:23:48","date_gmt":"2017-01-10T10:23:48","guid":{"rendered":"http:\/\/sochaczew.kbwch.pl\/?page_id=126"},"modified":"2022-05-15T21:10:35","modified_gmt":"2022-05-15T19:10:35","slug":"kontakt","status":"publish","type":"page","link":"https:\/\/sochaczew.kbwch.pl\/index.php\/kontakt\/","title":{"rendered":"Kontakt"},"content":{"rendered":"<p><em>Pastor zboru:<\/em><br \/><strong>Stanis\u0142aw Muciek<\/strong><br \/><strong>tel.508689591<\/strong><br \/><em>Miejsce spotka\u0144<\/em>:<br \/><strong>Sochaczew<\/strong><br \/><strong>ul.Poprzeczna 4 (drugie pi\u0119tro)<\/strong><\/p>\n<p><iframe loading=\"lazy\" style=\"border: 0;\" src=\"https:\/\/www.google.com\/maps\/embed?pb=!1m18!1m12!1m3!1d438.28525173619613!2d20.242852348758365!3d52.22938972324891!2m3!1f0!2f0!3f0!3m2!1i1024!2i768!4f13.1!3m3!1m2!1s0x471bfdc2726f93f5%3A0x45f59b56ef65d106!2sPoprzeczna%204%2C%2096-500%20Sochaczew!5e0!3m2!1spl!2spl!4v1651779097309!5m2!1spl!2spl\" width=\"600\" height=\"450\" allowfullscreen=\"allowfullscreen\"><\/iframe><\/p>\n","protected":false},"excerpt":{"rendered":"<p>Pastor zboru:Stanis\u0142aw Muciektel.508689591Miejsce spotka\u0144:Sochaczewul.Poprzeczna 4 (drugie pi\u0119tro)<\/p>\n","protected":false},"author":3,"featured_media":0,"parent":0,"menu_order":3,"comment_status":"closed","ping_status":"closed","template":"","meta":{"footnotes":""},"class_list":["post-126","page","type-page","status-publish"],"_links":{"self":[{"href":"https:\/\/sochaczew.kbwch.pl\/index.php\/wp-json\/wp\/v2\/pages\/126","targetHints":{"allow":["GET"]}}],"collection":[{"href":"https:\/\/sochaczew.kbwch.pl\/index.php\/wp-json\/wp\/v2\/pages"}],"about":[{"href":"https:\/\/sochaczew.kbwch.pl\/index.php\/wp-json\/wp\/v2\/types\/page"}],"author":[{"embeddable":true,"href":"https:\/\/sochaczew.kbwch.pl\/index.php\/wp-json\/wp\/v2\/users\/3"}],"replies":[{"embeddable":true,"href":"https:\/\/sochaczew.kbwch.pl\/index.php\/wp-json\/wp\/v2\/comments?post=126"}],"version-history":[{"count":24,"href":"https:\/\/sochaczew.kbwch.pl\/index.php\/wp-json\/wp\/v2\/pages\/126\/revisions"}],"predecessor-version":[{"id":373,"href":"https:\/\/sochaczew.kbwch.pl\/index.php\/wp-json\/wp\/v2\/pages\/126\/revisions\/373"}],"wp:attachment":[{"href":"https:\/\/sochaczew.kbwch.pl\/index.php\/wp-json\/wp\/v2\/media?parent=126"}],"curies":[{"name":"wp","href":"https:\/\/api.w.org\/{rel}","templated":true}]}}